{"id":16609,"date":"2025-01-14T17:01:44","date_gmt":"2025-01-14T16:01:44","guid":{"rendered":"https:\/\/sailing-classics.com\/?page_id=16609"},"modified":"2025-01-23T09:03:50","modified_gmt":"2025-01-23T08:03:50","slug":"se","status":"publish","type":"page","link":"https:\/\/sailing-classics.com\/en\/se\/","title":{"rendered":"Sailing-Classcis SE"},"content":{"rendered":"\t\t<div data-elementor-type=\"wp-page\" data-elementor-id=\"16609\" class=\"elementor elementor-16609\" data-elementor-post-type=\"page\">\n\t\t\t\t<div class=\"elementor-element elementor-element-5e6acdd3 e-con-full e-flex e-con e-child\" data-id=\"5e6acdd3\" data-element_type=\"container\" data-e-type=\"container\" data-settings=\"{&quot;background_background&quot;:&quot;video&quot;,&quot;background_privacy_mode&quot;:&quot;yes&quot;,&quot;animation&quot;:&quot;none&quot;,&quot;background_video_link&quot;:&quot;http:\\\/\\\/sailing-classics.com\\\/wp-content\\\/uploads\\\/2023\\\/10\\\/Website-Video-Segeln_02_5M_VBR_1.mp4&quot;}\">\n\t\t<div class=\"elementor-background-video-container elementor-hidden-mobile\">\n\t\t\t\t\t\t\t<video class=\"elementor-background-video-hosted\" role=\"presentation\" autoplay muted playsinline loop><\/video>\n\t\t\t\t\t<\/div><div class=\"elementor-element elementor-element-360e1536 e-con-full e-flex e-con e-child\" data-id=\"360e1536\" data-element_type=\"container\" data-e-type=\"container\">\n\t\t\t\t<div class=\"elementor-element elementor-element-584b10a4 elementor-widget elementor-widget-heading\" data-id=\"584b10a4\" data-element_type=\"widget\" data-e-type=\"widget\" data-widget_type=\"heading.default\">\n\t\t\t\t<div class=\"elementor-widget-container\">\n\t\t\t\t\t<h1 class=\"elementor-heading-title elementor-size-default\">V\u00e4lkommen ombord<br>p\u00e5 din dr\u00f6msegling<\/h1>\t\t\t\t<\/div>\n\t\t\t\t<\/div>\n\t\t\t\t<\/div>\n\t\t\t\t<\/div>\n\t\t<div class=\"elementor-element elementor-element-e7e84b7 e-con-full e-flex e-con e-parent\" data-id=\"e7e84b7\" data-element_type=\"container\" data-e-type=\"container\">\n\t\t<div class=\"elementor-element elementor-element-5217381 e-con-full e-flex e-con e-child\" data-id=\"5217381\" data-element_type=\"container\" data-e-type=\"container\">\n\t\t<div class=\"elementor-element elementor-element-2b8c06b e-con-full e-flex e-con e-child\" data-id=\"2b8c06b\" data-element_type=\"container\" data-e-type=\"container\">\n\t\t<div class=\"elementor-element elementor-element-43cf9c7 e-con-full e-flex e-con e-child\" data-id=\"43cf9c7\" data-element_type=\"container\" data-e-type=\"container\">\n\t\t<div class=\"elementor-element elementor-element-a843bf8 e-con-full e-flex e-con e-child\" data-id=\"a843bf8\" data-element_type=\"container\" data-e-type=\"container\">\n\t\t\t\t<div class=\"elementor-element elementor-element-ba4928a elementor-align-center elementor-mobile-align-center elementor-widget elementor-widget-button\" data-id=\"ba4928a\" data-element_type=\"widget\" data-e-type=\"widget\" data-widget_type=\"button.default\">\n\t\t\t\t<div class=\"elementor-widget-container\">\n\t\t\t\t\t\t\t\t\t<div class=\"elementor-button-wrapper\">\n\t\t\t\t\t<a class=\"elementor-button elementor-button-link elementor-size-sm elementor-animation-grow\" href=\"https:\/\/sailing-classics.com\/en\/#travelfinder\">\n\t\t\t\t\t\t<span class=\"elementor-button-content-wrapper\">\n\t\t\t\t\t\t<span class=\"elementor-button-icon\">\n\t\t\t\t<i aria-hidden=\"true\" class=\"fas fa-angle-right\"><\/i>\t\t\t<\/span>\n\t\t\t\t\t\t\t\t\t<span class=\"elementor-button-text\">Hitta en segling<\/span>\n\t\t\t\t\t<\/span>\n\t\t\t\t\t<\/a>\n\t\t\t\t<\/div>\n\t\t\t\t\t\t\t\t<\/div>\n\t\t\t\t<\/div>\n\t\t\t\t<\/div>\n\t\t\t\t<\/div>\n\t\t\t\t<\/div>\n\t\t<div class=\"elementor-element elementor-element-72c9d6c e-con-full e-flex e-con e-child\" data-id=\"72c9d6c\" data-element_type=\"container\" data-e-type=\"container\">\n\t\t<div class=\"elementor-element elementor-element-5ce5192 e-con-full e-flex e-con e-child\" data-id=\"5ce5192\" data-element_type=\"container\" data-e-type=\"container\">\n\t\t<div class=\"elementor-element elementor-element-244c0a1 e-con-full e-flex e-con e-child\" data-id=\"244c0a1\" data-element_type=\"container\" data-e-type=\"container\">\n\t\t\t\t<div class=\"elementor-element elementor-element-ad90a7a elementor-align-center elementor-mobile-align-center elementor-widget elementor-widget-button\" data-id=\"ad90a7a\" data-element_type=\"widget\" data-e-type=\"widget\" data-widget_type=\"button.default\">\n\t\t\t\t<div class=\"elementor-widget-container\">\n\t\t\t\t\t\t\t\t\t<div class=\"elementor-button-wrapper\">\n\t\t\t\t\t<a class=\"elementor-button elementor-button-link elementor-size-sm elementor-animation-grow\" href=\"mailto:karin.thornell@sailing-classics.com\" target=\"_blank\">\n\t\t\t\t\t\t<span class=\"elementor-button-content-wrapper\">\n\t\t\t\t\t\t<span class=\"elementor-button-icon\">\n\t\t\t\t<i aria-hidden=\"true\" class=\"fas fa-angle-right\"><\/i>\t\t\t<\/span>\n\t\t\t\t\t\t\t\t\t<span class=\"elementor-button-text\">Beg\u00e4r en offert<\/span>\n\t\t\t\t\t<\/span>\n\t\t\t\t\t<\/a>\n\t\t\t\t<\/div>\n\t\t\t\t\t\t\t\t<\/div>\n\t\t\t\t<\/div>\n\t\t\t\t<\/div>\n\t\t\t\t<\/div>\n\t\t\t\t<\/div>\n\t\t\t\t<\/div>\n\t\t\t\t<\/div>\n\t\t<div class=\"elementor-element elementor-element-3ac6109 e-con-full e-flex e-con e-parent\" data-id=\"3ac6109\" data-element_type=\"container\" data-e-type=\"container\">\n\t\t<div class=\"elementor-element elementor-element-cf12600 e-con-full e-flex e-con e-child\" data-id=\"cf12600\" data-element_type=\"container\" data-e-type=\"container\">\n\t\t\t\t<div class=\"elementor-element elementor-element-888394f elementor-widget elementor-widget-heading\" data-id=\"888394f\" data-element_type=\"widget\" data-e-type=\"widget\" data-widget_type=\"heading.default\">\n\t\t\t\t<div class=\"elementor-widget-container\">\n\t\t\t\t\t<h3 class=\"elementor-heading-title elementor-size-default\">V\u00e4lkommen ombord p\u00e5 din dr\u00f6msegling<\/h3>\t\t\t\t<\/div>\n\t\t\t\t<\/div>\n\t\t\t\t<div class=\"elementor-element elementor-element-0d92c29 elementor-widget elementor-widget-text-editor\" data-id=\"0d92c29\" data-element_type=\"widget\" data-e-type=\"widget\" data-widget_type=\"text-editor.default\">\n\t\t\t\t<div class=\"elementor-widget-container\">\n\t\t\t\t\t\t\t\t\t<p>Att f\u00e5 vara ombord n\u00e4r ett stort klassiskt segelfartyg klyver v\u00e5gorna \u00e4r en fantastisk upplevelse. Att med vind i seglen ta sig fram fr\u00e5n bukt till bukt, fr\u00e5n en \u00f6 till en annan, det \u00e4r mycket mer \u00e4n segling. Det \u00e4r en autentisk, of\u00f6rgl\u00f6mlig, och h\u00e5llbar semester. Med v\u00e5ra segelfartyg kan du uppleva unika platser l\u00e5ngt bort fr\u00e5n massturismen. V\u00e5ra segelfartyg RHEA (54 m), CHRONOS (54 m) och KAIR\u00d3S (38 m) seglar i Karibien och Atlanten p\u00e5 vintern och Medelhavet p\u00e5 sommaren. Du kan delta i en regatta, segla \u00f6ver Atlanten eller p\u00e5 en annan sp\u00e4nnande distanssegling. F\u00f6lj med p\u00e5 en segelsemester med sol, bad och fina strandhugg eller hyra hela segelfartyget. Oavsett vad du v\u00e4ljer s\u00e5 kommer du att segla med en professionell bes\u00e4ttning, bo bekv\u00e4mt i egen hytt med luftkonditionering och eget badrum och serveras god mat som skeppskocken lagat till dig. V\u00e5ra segelfartyg \u00e4r nybyggda enligt klassisk Bermuda stil,\u00a0vi garanterar h\u00f6g komfort ombord och god service ombord.\u00a0\u00a0<\/p>\t\t\t\t\t\t\t\t<\/div>\n\t\t\t\t<\/div>\n\t\t\t\t<\/div>\n\t\t<div class=\"elementor-element elementor-element-8bddd30 e-con-full e-flex e-con e-child\" data-id=\"8bddd30\" data-element_type=\"container\" data-e-type=\"container\">\n\t\t<div class=\"elementor-element elementor-element-8970d98 e-con-full e-flex e-con e-child\" data-id=\"8970d98\" data-element_type=\"container\" data-e-type=\"container\">\n\t\t<div class=\"elementor-element elementor-element-63b8c6c e-con-full e-flex e-con e-child\" data-id=\"63b8c6c\" data-element_type=\"container\" data-e-type=\"container\" data-settings=\"{&quot;background_background&quot;:&quot;classic&quot;}\">\n\t\t\t\t<\/div>\n\t\t<div class=\"elementor-element elementor-element-1c52afe e-con-full elementor-hidden-mobile e-flex e-con e-child\" data-id=\"1c52afe\" data-element_type=\"container\" data-e-type=\"container\" data-settings=\"{&quot;background_background&quot;:&quot;classic&quot;}\">\n\t\t\t\t<\/div>\n\t\t\t\t<\/div>\n\t\t<div class=\"elementor-element elementor-element-39183c8 e-con-full elementor-hidden-mobile e-flex e-con e-child\" data-id=\"39183c8\" data-element_type=\"container\" data-e-type=\"container\" data-settings=\"{&quot;background_background&quot;:&quot;classic&quot;}\">\n\t\t\t\t<\/div>\n\t\t\t\t<\/div>\n\t\t\t\t<\/div>\n\t\t<div class=\"elementor-element elementor-element-d761b86 e-con-full e-flex e-con e-parent\" data-id=\"d761b86\" data-element_type=\"container\" data-e-type=\"container\">\n\t\t<div class=\"elementor-element elementor-element-af7d721 e-con-full e-flex e-con e-child\" data-id=\"af7d721\" data-element_type=\"container\" data-e-type=\"container\">\n\t\t\t\t<div class=\"elementor-element elementor-element-a4b18bb elementor-widget elementor-widget-heading\" data-id=\"a4b18bb\" data-element_type=\"widget\" data-e-type=\"widget\" data-widget_type=\"heading.default\">\n\t\t\t\t<div class=\"elementor-widget-container\">\n\t\t\t\t\t<h3 class=\"elementor-heading-title elementor-size-default\">Segla \u00f6ver Atlanten<\/h3>\t\t\t\t<\/div>\n\t\t\t\t<\/div>\n\t\t\t\t<div class=\"elementor-element elementor-element-5c9172a elementor-widget elementor-widget-text-editor\" data-id=\"5c9172a\" data-element_type=\"widget\" data-e-type=\"widget\" data-widget_type=\"text-editor.default\">\n\t\t\t\t<div class=\"elementor-widget-container\">\n\t\t\t\t\t\t\t\t\t<p class=\"xmsonormal\"><span style=\"color: black;\">Med oss har du m\u00f6jlighet att f\u00f6rverkliga dr\u00f6mmen om att segla \u00f6ver hela Atlanten. Vi seglar fr\u00e5n Europa till Karibien under senh\u00f6sten och tillbaka under v\u00e5ren. Vi erbjuder tv\u00e5 olika rutter s\u00e5 du kan v\u00e4lja hur l\u00e4nge du vill vara till havs. V\u00e5ra segelfartyg CHRONOS och RHEA \u00e4r v\u00e5ra systerfartyg som seglar \u00f6ver Atlanten, de \u00e4r 54 meter l\u00e5nga, har en segelyta p\u00e5 1000 m2, v\u00e4ger 370 ton vardera och \u00e4r bland de 50 st\u00f6rsta segelfartygen i v\u00e4rlden . De erbjuder mycket utrymme, komfort och frihet samtidigt som de erbjuder en h\u00e4rlig seglingsupplevelse. Vi erbjuder \u00e4ven andra distans- och transferseglingar d\u00e4r fokuset verkligen ligger p\u00e5 seglingen.\u00a0<\/span><\/p>\t\t\t\t\t\t\t\t<\/div>\n\t\t\t\t<\/div>\n\t\t\t\t<\/div>\n\t\t\t\t<\/div>\n\t\t<div class=\"elementor-element elementor-element-4176e27 e-con-full e-flex e-con e-parent\" data-id=\"4176e27\" data-element_type=\"container\" data-e-type=\"container\">\n\t\t<div class=\"elementor-element elementor-element-b813be5 e-con-full e-flex e-con e-child\" data-id=\"b813be5\" data-element_type=\"container\" data-e-type=\"container\">\n\t\t<div class=\"elementor-element elementor-element-4adce36 e-con-full e-flex e-con e-child\" data-id=\"4adce36\" data-element_type=\"container\" data-e-type=\"container\" data-settings=\"{&quot;background_background&quot;:&quot;classic&quot;}\">\n\t\t\t\t<\/div>\n\t\t<div class=\"elementor-element elementor-element-d7f4764 e-con-full e-flex e-con e-child\" data-id=\"d7f4764\" data-element_type=\"container\" data-e-type=\"container\">\n\t\t<div class=\"elementor-element elementor-element-4492e7b e-con-full e-flex e-con e-child\" data-id=\"4492e7b\" data-element_type=\"container\" data-e-type=\"container\">\n\t\t<div class=\"elementor-element elementor-element-b3d03c4 e-con-full e-flex e-con e-child\" data-id=\"b3d03c4\" data-element_type=\"container\" data-e-type=\"container\" data-settings=\"{&quot;background_background&quot;:&quot;classic&quot;}\">\n\t\t\t\t<\/div>\n\t\t\t\t<\/div>\n\t\t\t\t<\/div>\n\t\t\t\t<\/div>\n\t\t<div class=\"elementor-element elementor-element-e9d9a03 e-con-full e-flex e-con e-child\" data-id=\"e9d9a03\" data-element_type=\"container\" data-e-type=\"container\">\n\t\t<div class=\"elementor-element elementor-element-8a5671a e-con-full e-flex e-con e-child\" data-id=\"8a5671a\" data-element_type=\"container\" data-e-type=\"container\">\n\t\t\t\t<div class=\"elementor-element elementor-element-3a09137 elementor-widget elementor-widget-heading\" data-id=\"3a09137\" data-element_type=\"widget\" data-e-type=\"widget\" data-widget_type=\"heading.default\">\n\t\t\t\t<div class=\"elementor-widget-container\">\n\t\t\t\t\t<h2 class=\"elementor-heading-title elementor-size-default\">Segelsemester<\/h2>\t\t\t\t<\/div>\n\t\t\t\t<\/div>\n\t\t\t\t<div class=\"elementor-element elementor-element-4cf972f elementor-widget elementor-widget-text-editor\" data-id=\"4cf972f\" data-element_type=\"widget\" data-e-type=\"widget\" data-widget_type=\"text-editor.default\">\n\t\t\t\t<div class=\"elementor-widget-container\">\n\t\t\t\t\t\t\t\t\t<p class=\"xmsonormal\"><span style=\"color: black;\">B\u00f6rja dagen p\u00e5 v\u00e5ra segelsemestrar med en simtur innan frukostbuff\u00e9n, forts\u00e4tt dagen med strandhugg till fina badvikar och byar. Snorkla, njut av naturen, och stillheten ombord. Vi seglar dit vinden b\u00e4r oss till fina vikar att ankra p\u00e5. Avsluta dagen med middagen i solnedg\u00e5ngen. Rhea, Chronos och Kairos seglar i Medelhavets olika delar som Italien, Frankrike, Spanien, Malta och\u00a0 Grekland. Under vinterhalv\u00e5ret seglar Rhea och Chronos i Karibien, med perfekta passadvindar och underbar sol och v\u00e4rme.\u00a0<\/span><\/p>\t\t\t\t\t\t\t\t<\/div>\n\t\t\t\t<\/div>\n\t\t\t\t<\/div>\n\t\t<div class=\"elementor-element elementor-element-5c8d165 e-con-full e-flex e-con e-child\" data-id=\"5c8d165\" data-element_type=\"container\" data-e-type=\"container\">\n\t\t<div class=\"elementor-element elementor-element-c7a92ba e-con-full e-flex e-con e-child\" data-id=\"c7a92ba\" data-element_type=\"container\" data-e-type=\"container\">\n\t\t<div class=\"elementor-element elementor-element-d34f089 e-con-full e-flex e-con e-child\" data-id=\"d34f089\" data-element_type=\"container\" data-e-type=\"container\" data-settings=\"{&quot;background_background&quot;:&quot;classic&quot;}\">\n\t\t\t\t<\/div>\n\t\t\t\t<\/div>\n\t\t\t\t<\/div>\n\t\t\t\t<\/div>\n\t\t\t\t<\/div>\n\t\t<div class=\"elementor-element elementor-element-643e233 e-con-full e-flex e-con e-parent\" data-id=\"643e233\" data-element_type=\"container\" data-e-type=\"container\">\n\t\t<div class=\"elementor-element elementor-element-1dce6eb e-con-full e-flex e-con e-child\" data-id=\"1dce6eb\" data-element_type=\"container\" data-e-type=\"container\">\n\t\t<div class=\"elementor-element elementor-element-595c0a4 e-con-full e-flex e-con e-child\" data-id=\"595c0a4\" data-element_type=\"container\" data-e-type=\"container\">\n\t\t<div class=\"elementor-element elementor-element-b87bf1f e-con-full e-flex e-con e-child\" data-id=\"b87bf1f\" data-element_type=\"container\" data-e-type=\"container\" data-settings=\"{&quot;background_background&quot;:&quot;classic&quot;}\">\n\t\t\t\t<\/div>\n\t\t<div class=\"elementor-element elementor-element-e2c5780 e-con-full e-flex e-con e-child\" data-id=\"e2c5780\" data-element_type=\"container\" data-e-type=\"container\">\n\t\t\t\t<div class=\"elementor-element elementor-element-872c29b elementor-widget elementor-widget-heading\" data-id=\"872c29b\" data-element_type=\"widget\" data-e-type=\"widget\" data-widget_type=\"heading.default\">\n\t\t\t\t<div class=\"elementor-widget-container\">\n\t\t\t\t\t<h2 class=\"elementor-heading-title elementor-size-default\">Hyr en b\u00e5t<\/h2>\t\t\t\t<\/div>\n\t\t\t\t<\/div>\n\t\t\t\t<div class=\"elementor-element elementor-element-d17dd72 elementor-widget elementor-widget-text-editor\" data-id=\"d17dd72\" data-element_type=\"widget\" data-e-type=\"widget\" data-widget_type=\"text-editor.default\">\n\t\t\t\t<div class=\"elementor-widget-container\">\n\t\t\t\t\t\t\t\t\t<p>Vill du segla med v\u00e4nner och familj p\u00e5 ett av v\u00e5ra segelfartyg, v\u00e4lkommen att hyra hela b\u00e5ten. <\/p>\n\t\t\t\t\t\t\t\t<\/div>\n\t\t\t\t<\/div>\n\t\t\t\t<\/div>\n\t\t\t\t<\/div>\n\t\t<div class=\"elementor-element elementor-element-ad9f148 e-con-full e-flex e-con e-child\" data-id=\"ad9f148\" data-element_type=\"container\" data-e-type=\"container\">\n\t\t<div class=\"elementor-element elementor-element-d83c9e3 e-con-full e-flex e-con e-child\" data-id=\"d83c9e3\" data-element_type=\"container\" data-e-type=\"container\" data-settings=\"{&quot;background_background&quot;:&quot;classic&quot;}\">\n\t\t\t\t<\/div>\n\t\t<div class=\"elementor-element elementor-element-f191170 e-con-full e-flex e-con e-child\" data-id=\"f191170\" data-element_type=\"container\" data-e-type=\"container\">\n\t\t\t\t<div class=\"elementor-element elementor-element-0cb7044 elementor-widget elementor-widget-heading\" data-id=\"0cb7044\" data-element_type=\"widget\" data-e-type=\"widget\" data-widget_type=\"heading.default\">\n\t\t\t\t<div class=\"elementor-widget-container\">\n\t\t\t\t\t<h3 class=\"elementor-heading-title elementor-size-default\">Prova p\u00e5 segling<\/h3>\t\t\t\t<\/div>\n\t\t\t\t<\/div>\n\t\t\t\t<div class=\"elementor-element elementor-element-33e516e elementor-widget elementor-widget-text-editor\" data-id=\"33e516e\" data-element_type=\"widget\" data-e-type=\"widget\" data-widget_type=\"text-editor.default\">\n\t\t\t\t<div class=\"elementor-widget-container\">\n\t\t\t\t\t\t\t\t\t<p>Har du aldrig seglat ett s\u00e5 stort segelfartyg och \u00e4r nyfiken? Segla med p\u00e5 en av v\u00e5ra prova p\u00e5 seglingar p\u00e5 3-4 n\u00e4tter och f\u00e5 en upplevelse av hur det \u00e4r ombord.  <\/p>\n\t\t\t\t\t\t\t\t<\/div>\n\t\t\t\t<\/div>\n\t\t\t\t<\/div>\n\t\t\t\t<\/div>\n\t\t\t\t<\/div>\n\t\t<div class=\"elementor-element elementor-element-8e489ff e-con-full e-flex e-con e-child\" data-id=\"8e489ff\" data-element_type=\"container\" data-e-type=\"container\">\n\t\t<div class=\"elementor-element elementor-element-f330a60 e-con-full e-flex e-con e-child\" data-id=\"f330a60\" data-element_type=\"container\" data-e-type=\"container\">\n\t\t<div class=\"elementor-element elementor-element-da41ef4 e-con-full e-flex e-con e-child\" data-id=\"da41ef4\" data-element_type=\"container\" data-e-type=\"container\" data-settings=\"{&quot;background_background&quot;:&quot;classic&quot;}\">\n\t\t\t\t<\/div>\n\t\t<div class=\"elementor-element elementor-element-8ef9bf4 e-con-full e-flex e-con e-child\" data-id=\"8ef9bf4\" data-element_type=\"container\" data-e-type=\"container\">\n\t\t\t\t<div class=\"elementor-element elementor-element-183f189 elementor-widget__width-initial elementor-widget elementor-widget-heading\" data-id=\"183f189\" data-element_type=\"widget\" data-e-type=\"widget\" data-widget_type=\"heading.default\">\n\t\t\t\t<div class=\"elementor-widget-container\">\n\t\t\t\t\t<h3 class=\"elementor-heading-title elementor-size-default\">Regattor<\/h3>\t\t\t\t<\/div>\n\t\t\t\t<\/div>\n\t\t\t\t<div class=\"elementor-element elementor-element-a7dfb76 elementor-widget elementor-widget-text-editor\" data-id=\"a7dfb76\" data-element_type=\"widget\" data-e-type=\"widget\" data-widget_type=\"text-editor.default\">\n\t\t\t\t<div class=\"elementor-widget-container\">\n\t\t\t\t\t\t\t\t\t<p>Vill du uppleva en riktig regatta? Vi f\u00f6ljer med &#8220;Les Voiles de Saint Tropez&#8221; och &#8220;St. Barths Bucket Regatta&#8221; p\u00e5 n\u00e4ra h\u00e5ll och t\u00e4vlar aktivt i &#8220;Antigua Classic Yacht Regatta&#8221;.   <\/p>\n\t\t\t\t\t\t\t\t<\/div>\n\t\t\t\t<\/div>\n\t\t\t\t<\/div>\n\t\t\t\t<\/div>\n\t\t\t\t<\/div>\n\t\t\t\t<\/div>\n\t\t\t\t<\/div>\n\t\t","protected":false},"excerpt":{"rendered":"<p>V\u00e4lkommen ombordp\u00e5 din dr\u00f6msegling Hitta en segling Beg\u00e4r en offert V\u00e4lkommen ombord p\u00e5 din dr\u00f6msegling Att f\u00e5 vara ombord n\u00e4r ett stort klassiskt segelfartyg klyver v\u00e5gorna \u00e4r en fantastisk upplevelse. Att med vind i seglen ta sig fram fr\u00e5n bukt till bukt, fr\u00e5n en \u00f6 till en annan, det \u00e4r mycket mer \u00e4n segling. Det [&hellip;]<\/p>\n","protected":false},"author":6,"featured_media":0,"parent":0,"menu_order":0,"comment_status":"closed","ping_status":"closed","template":"","meta":{"inline_featured_image":false,"footnotes":""},"class_list":["post-16609","page","type-page","status-publish","hentry"],"yoast_head":"<!-- This site is optimized with the Yoast SEO Premium plugin v24.4 (Yoast SEO v27.2) - https:\/\/yoast.com\/product\/yoast-seo-premium-wordpress\/ -->\n<title>Sailing-Classcis SE - Sailing Classics<\/title>\n<meta name=\"robots\" content=\"index, follow, max-snippet:-1, max-image-preview:large, max-video-preview:-1\" \/>\n<link rel=\"canonical\" href=\"https:\/\/sailing-classics.com\/en\/se\/\" \/>\n<meta property=\"og:locale\" content=\"en_US\" \/>\n<meta property=\"og:type\" content=\"article\" \/>\n<meta property=\"og:title\" content=\"Sailing-Classcis SE\" \/>\n<meta property=\"og:description\" content=\"V\u00e4lkommen ombordp\u00e5 din dr\u00f6msegling Hitta en segling Beg\u00e4r en offert V\u00e4lkommen ombord p\u00e5 din dr\u00f6msegling Att f\u00e5 vara ombord n\u00e4r ett stort klassiskt segelfartyg klyver v\u00e5gorna \u00e4r en fantastisk upplevelse. Att med vind i seglen ta sig fram fr\u00e5n bukt till bukt, fr\u00e5n en \u00f6 till en annan, det \u00e4r mycket mer \u00e4n segling. Det [&hellip;]\" \/>\n<meta property=\"og:url\" content=\"https:\/\/sailing-classics.com\/en\/se\/\" \/>\n<meta property=\"og:site_name\" content=\"Sailing Classics\" \/>\n<meta property=\"article:modified_time\" content=\"2025-01-23T08:03:50+00:00\" \/>\n<meta name=\"twitter:card\" content=\"summary_large_image\" \/>\n<meta name=\"twitter:label1\" content=\"Est. reading time\" \/>\n\t<meta name=\"twitter:data1\" content=\"2 minutes\" \/>\n<script type=\"application\/ld+json\" class=\"yoast-schema-graph\">{\"@context\":\"https:\/\/schema.org\",\"@graph\":[{\"@type\":\"WebPage\",\"@id\":\"https:\/\/sailing-classics.com\/en\/se\/\",\"url\":\"https:\/\/sailing-classics.com\/en\/se\/\",\"name\":\"Sailing-Classcis SE - Sailing Classics\",\"isPartOf\":{\"@id\":\"https:\/\/sailing-classics.com\/en\/#website\"},\"datePublished\":\"2025-01-14T16:01:44+00:00\",\"dateModified\":\"2025-01-23T08:03:50+00:00\",\"breadcrumb\":{\"@id\":\"https:\/\/sailing-classics.com\/en\/se\/#breadcrumb\"},\"inLanguage\":\"en-US\",\"potentialAction\":[{\"@type\":\"ReadAction\",\"target\":[\"https:\/\/sailing-classics.com\/en\/se\/\"]}]},{\"@type\":\"BreadcrumbList\",\"@id\":\"https:\/\/sailing-classics.com\/en\/se\/#breadcrumb\",\"itemListElement\":[{\"@type\":\"ListItem\",\"position\":1,\"name\":\"Startseite\",\"item\":\"https:\/\/sailing-classics.com\/en\/\"},{\"@type\":\"ListItem\",\"position\":2,\"name\":\"Sailing-Classcis SE\"}]},{\"@type\":\"WebSite\",\"@id\":\"https:\/\/sailing-classics.com\/en\/#website\",\"url\":\"https:\/\/sailing-classics.com\/en\/\",\"name\":\"Sailing Classics\",\"description\":\"More than sailing\",\"potentialAction\":[{\"@type\":\"SearchAction\",\"target\":{\"@type\":\"EntryPoint\",\"urlTemplate\":\"https:\/\/sailing-classics.com\/en\/?s={search_term_string}\"},\"query-input\":{\"@type\":\"PropertyValueSpecification\",\"valueRequired\":true,\"valueName\":\"search_term_string\"}}],\"inLanguage\":\"en-US\"}]}<\/script>\n<!-- \/ Yoast SEO Premium plugin. -->","yoast_head_json":{"title":"Sailing-Classcis SE - Sailing Classics","robots":{"index":"index","follow":"follow","max-snippet":"max-snippet:-1","max-image-preview":"max-image-preview:large","max-video-preview":"max-video-preview:-1"},"canonical":"https:\/\/sailing-classics.com\/en\/se\/","og_locale":"en_US","og_type":"article","og_title":"Sailing-Classcis SE","og_description":"V\u00e4lkommen ombordp\u00e5 din dr\u00f6msegling Hitta en segling Beg\u00e4r en offert V\u00e4lkommen ombord p\u00e5 din dr\u00f6msegling Att f\u00e5 vara ombord n\u00e4r ett stort klassiskt segelfartyg klyver v\u00e5gorna \u00e4r en fantastisk upplevelse. Att med vind i seglen ta sig fram fr\u00e5n bukt till bukt, fr\u00e5n en \u00f6 till en annan, det \u00e4r mycket mer \u00e4n segling. Det [&hellip;]","og_url":"https:\/\/sailing-classics.com\/en\/se\/","og_site_name":"Sailing Classics","article_modified_time":"2025-01-23T08:03:50+00:00","twitter_card":"summary_large_image","twitter_misc":{"Est. reading time":"2 minutes"},"schema":{"@context":"https:\/\/schema.org","@graph":[{"@type":"WebPage","@id":"https:\/\/sailing-classics.com\/en\/se\/","url":"https:\/\/sailing-classics.com\/en\/se\/","name":"Sailing-Classcis SE - Sailing Classics","isPartOf":{"@id":"https:\/\/sailing-classics.com\/en\/#website"},"datePublished":"2025-01-14T16:01:44+00:00","dateModified":"2025-01-23T08:03:50+00:00","breadcrumb":{"@id":"https:\/\/sailing-classics.com\/en\/se\/#breadcrumb"},"inLanguage":"en-US","potentialAction":[{"@type":"ReadAction","target":["https:\/\/sailing-classics.com\/en\/se\/"]}]},{"@type":"BreadcrumbList","@id":"https:\/\/sailing-classics.com\/en\/se\/#breadcrumb","itemListElement":[{"@type":"ListItem","position":1,"name":"Startseite","item":"https:\/\/sailing-classics.com\/en\/"},{"@type":"ListItem","position":2,"name":"Sailing-Classcis SE"}]},{"@type":"WebSite","@id":"https:\/\/sailing-classics.com\/en\/#website","url":"https:\/\/sailing-classics.com\/en\/","name":"Sailing Classics","description":"More than sailing","potentialAction":[{"@type":"SearchAction","target":{"@type":"EntryPoint","urlTemplate":"https:\/\/sailing-classics.com\/en\/?s={search_term_string}"},"query-input":{"@type":"PropertyValueSpecification","valueRequired":true,"valueName":"search_term_string"}}],"inLanguage":"en-US"}]}},"_links":{"self":[{"href":"https:\/\/sailing-classics.com\/en\/wp-json\/wp\/v2\/pages\/16609","targetHints":{"allow":["GET"]}}],"collection":[{"href":"https:\/\/sailing-classics.com\/en\/wp-json\/wp\/v2\/pages"}],"about":[{"href":"https:\/\/sailing-classics.com\/en\/wp-json\/wp\/v2\/types\/page"}],"author":[{"embeddable":true,"href":"https:\/\/sailing-classics.com\/en\/wp-json\/wp\/v2\/users\/6"}],"replies":[{"embeddable":true,"href":"https:\/\/sailing-classics.com\/en\/wp-json\/wp\/v2\/comments?post=16609"}],"version-history":[{"count":0,"href":"https:\/\/sailing-classics.com\/en\/wp-json\/wp\/v2\/pages\/16609\/revisions"}],"wp:attachment":[{"href":"https:\/\/sailing-classics.com\/en\/wp-json\/wp\/v2\/media?parent=16609"}],"curies":[{"name":"wp","href":"https:\/\/api.w.org\/{rel}","templated":true}]}}