{"id":7402,"date":"2023-10-31T12:39:48","date_gmt":"2023-10-31T11:39:48","guid":{"rendered":"http:\/\/neu.sailing-classics.com\/newsletter\/"},"modified":"2024-02-28T12:45:53","modified_gmt":"2024-02-28T11:45:53","slug":"newsletter","status":"publish","type":"page","link":"https:\/\/sailing-classics.com\/en\/newsletter\/","title":{"rendered":"Newsletter"},"content":{"rendered":"\t\t<div data-elementor-type=\"wp-page\" data-elementor-id=\"7402\" class=\"elementor elementor-7402 elementor-5307\" data-elementor-post-type=\"page\">\n\t\t\t\t<div class=\"elementor-element elementor-element-ad67266 e-con-full e-flex e-con e-parent\" data-id=\"ad67266\" data-element_type=\"container\" data-e-type=\"container\">\n\t\t\t\t<div class=\"elementor-element elementor-element-8c33cf6 elementor-widget elementor-widget-html\" data-id=\"8c33cf6\" data-element_type=\"widget\" data-e-type=\"widget\" data-widget_type=\"html.default\">\n\t\t\t\t<div class=\"elementor-widget-container\">\n\t\t\t\t\t<style type=\"text\/css\">@import \"https:\/\/news.sailing-classics.com\/-google-api-css\/Droid+Sans|Droid+Serif|Lato|Open+Sans|Open+Sans+Condensed:300|PT+Serif|Raleway|Roboto|Roboto+Condensed|Source+Sans+Pro\";.nl-form-body *{color:#000;font-family:Open Sans;font-size:13px;line-height:1.3em;list-style-type:disc;list-style-position:outside;margin:0;padding:0;vertical-align:top;}.nl-form-body h1{color:#1f4663;font-size:1.6em;height:auto;padding:0;}.nl-form-body ul{padding:8px 24px;}.nl-form-body{background-color:#ffffff;border:solid 0px #999;box-sizing:border-box;margin:10px auto;padding:4px 4px;width:100%;}.nl-form-body .element{box-sizing:border-box;display:inline-block;margin:0;padding:8px 4%;width:100%;}.nl-form-body .element *{vertical-align:baseline;}.nl-form-body .element .validation{color:#ff0000;display:none;font-weight:bold;}.nl-form-body .element.invalid .validation{display:block !important;}.nl-form-body .element .first{float:left;width:100%;}.nl-form-body .element .second{padding-left:0;}.nl-form-body .first label{color:#000000;display:block;font-size:1.1em;font-weight:bold;margin:0 0 0.1em;padding:0 0 2px 0;}.nl-form-body .element.mandatory .first label::after{content:\"*\";}.nl-form-body p.descr{color:#000000;font-size:0.9em;line-height:1.3em;margin:0 0 0.1em;padding:0 0 2px 0;}.nl-form-body .element sub{vertical-align:sub;}.nl-form-body .element sup{vertical-align:super;}.nl-form-body .first p.descr{display:none !important;}.nl-form-body .second label{color:#000000;}.nl-form-body button,.nl-form-body input[type=text],.nl-form-body select,.nl-form-body textarea{border:solid 1px #ccc;box-sizing:border-box;display:inline-block;margin:0 0 0.2em;padding:4px;width:100%;line-height:initial;}.nl-form-body .element.invalid input[type=text],.nl-form-body .element.invalid select,.nl-form-body .element.invalid textarea{border:solid 1px #ff0000;}.nl-form-body input[type=checkbox],.nl-form-body input[type=radio]{border:solid 1px #ccc;box-sizing:border-box;display:inline-block;margin:2px 4px 0.2em;}.nl-form-body button{color:#ffffff;padding:0.3em 0;background-color:#1f4663;background:linear-gradient(#1f4663, #1f4663);border:solid 2px #1f4663;text-align:center;}.formassi_element_paragraph, .formassi_element_paragraph * {color:#000000;}#fa_0{width:100%;}#fa_1{width:100%;}#fa_2{width:100%;}#fa_3{width:100%;}#fa_4{width:100%;}#fa_5{width:100%;}#fa_6{width:100%;}#fa_7{width:50%;}#fa_8{width:50%;}#fa_9{width:100%;}#fa_10{width:100%;}#fa_11{width:100%;}#fa_11>div{height:10px;}#fa_12{width:5%;}#fa_13{width:90%;}#fa_14{width:100%;}#fa_14>div{height:10px;}#fa_15{width:100%;}input.datetime, input.date, input.time{\n\tbackground-position:right center;\n\tbackground-repeat:no-repeat;\n\tcursor:pointer;\n}\nspan.calendar{\n    float: right;\n    margin-right: 17px;\n    margin-top: -26px;\n    position: relative;\n    z-index: 2;\n    color: #767b81;\n\n}\n.calendar::after{\n    content: \" \n073\";\n    font-family: 'FontAwesome regular' !important;\n    font-size: 15px;\n}\n\n.datetimepicker {\n\t-webkit-user-select: none;\n\t-moz-user-select: none;\n\t-khtml-user-select: none;\n\t-ms-user-select: none;\n\tz-index: 9999;\n\tpadding: 0px;\n\tmargin: 0px;\n\twidth: 228px;\n\tfont-size: 11px;\n\tfont-family: Tahoma;\n\tborder: 1px solid #b0bac4;\n\tposition: absolute;\n\tdisplay: none;\n}\n\n\/****** NAVIGATION ******\/\ndiv.dtpnav {\n\twidth: 100%;\n\theight: 25px;\n}\n\n.dtpnavarrowleft {\n\tcursor: pointer;\n\tfloat: left;\n\tmargin-top: 0px;\n\tmargin-left: 0px;\n\twidth: 24px;\n\theight: 25px;\n}\n.dtpnavarrowleftimg {\n\tmargin-left: 8px;\n\tmargin-top:6px\n}\n\ndiv.dtpnavmonthyearsel {\n\tfloat: left;\n\tfont-weight: bold;\n\tmin-width: 180px;\n\ttext-align: center;\n}\n\n\n.dtpnavarrowright {\n\tcursor: pointer;\n\tfloat: left;\n\tmargin-top: 0px;\n\tmargin-right: 0px;\n\twidth: 24px;\n\theight: 25px;\n}\n\n.dtpnavarrowrightimg {\n\tmargin-left: 8px;\n\tmargin-top:6px\n}\n\n\n\n\/****** MONTH-SELECTION ******\/\n.dtpmonthsel {\n\tcursor: pointer;\n\tdisplay: inline-block;\n\tmargin-right: 2px;\n}\n\n.dtpmonthshow {\n\tfloat:left;\n\tline-height: 24px;\n\tcolor: #FFF;\n}\n\n.dtpmonthshowimg {\n\twidth: 13px;\n\theight: 26px;\n\tfloat: left;\n\tbackground-repeat: no-repeat;\n\tbackground-position: 4px 10px;\n}\n\n.dtpyearsel {\n\tcursor: pointer;\n\tdisplay: inline-block;\n\tmargin-left: 2px;\n}\n\ndiv.dtpyearselbox {\n\theight: 184px;\n\toverflow: hidden;\n\twidth: 228px;\n\tbackground-color: #fff;\n\tborder: 1px solid #b0bac4;\n\tfont-family: Tahoma;\n\tfont-size: 10px;\n\tdisplay: none;\n\tposition: absolute;\n\tleft: -1px;\n\ttop: 24px;\n}\n\ndiv.dtpyearselboxleft {\n\theight: 182px;\n\twidth: 34px;\n\tmargin: 1px;\n\tfloat: left;\n\tcursor: pointer;\n}\n\n\ndiv.dtpyearselboxright {\n\theight: 182px;\n\twidth: 33px;\n\tmargin: 1px;\n\tfloat: left;\n\tcursor: pointer;\n}\n\n.dtpyearshow {\n\tfloat: left;\n\tline-height: 24px;\n\tcolor: #FFF;\n}\n\n.dtpyearshowarrowimg {\n\twidth: 13px;\n\theight: 26px;\n\tfloat: left;\n\tbackground-repeat: no-repeat;\n\tbackground-position: 4px 10px;\n}\n\n\/***** YEAR-BOX ******\/\n.dtpyearbox {\n\theight: 182px;\n\twidth: 156px;\n\tbackground-color: #fff;\n\tfloat:left;\n}\n\n.dtpyearboxselul {\n\tmargin-left: 0px;\n\tlist-style-type: none;\n\tpadding-left: 0px;\n\tborder-bottom: 1px solid #fff;\n\tmargin-bottom: 0px;\n\tbackground-color: #fff;\n}\n\n.dtpyearboxselli {\n\tfloat: left;\n\tmargin-bottom:1px;\n\ttext-align: center;\n}\n\n\/********** CAL ************\/\n.dtpcalendar {\n\twidth: 100%;\n\tbackground-color: #fcfdff;\n\tborder-top: 1px solid #b0bac4;\n}\n\n.dtpcalrow {\n\tmargin-left: 0px;\n\tlist-style-type: none;\n\tpadding-left: 0px;\n\tmargin-top: 0px;\n\tmargin-bottom: 0px;\n}\n\n.calField {\n\tfloat:left;\n\ttext-align: center;\n\tcursor: pointer !important;\n}\n\n.disabledCalField {\n\tfloat:left;\n\ttext-align: center;\n\tbackground-color: #757575 !important;\ncursor: default;\n}\n\n.notThisMonthField {\n\tbackground-color: #fff !important;\n\tmargin-bottom: 1px !important;\n}\n\n\/******* TIME *********\/\n.dtptimearea {\n\twidth: 100%;\n\theight: 25px;\n\tcolor: #34404b;\n\tfont-weight: bold;\n\ttext-align: center;\n}\n\n.dtptimeclock {\n\tvertical-align: top;\n\tmargin-right: 10px;\n\tmargin-top: 4px;\n\tcursor: pointer;\n\tdisplay: inline-block;\n\twidth: 16px;\n\theight: 16px;\n}\n\n.dtphoursel {\n\tmargin-right: 2px;\n\tdisplay: inline-block;\n\tcursor: pointer;\n}\n\n.dtphoursel1 {\n\twidth: 9px;\n\theight: 6px;\n\tmargin-right: 2px;\n\tmargin-top: 9px;\n\tfloat: left;\n}\n\n.dtphoursel2 {\n\tfloat: right;\n\tline-height: 24px;\n}\n\n.dtphourselectbox {\n\tfont-weight: normal;\n\ttop: 24px;\n\theight: 184px;\n\twidth: 228px;\n\tbackground-color: #fff;\n\tborder: 1px solid #b0bac4;\n\tfont-family: Tahoma;\n\tfont-size: 10px;\n\tdisplay: none;\n\tposition: absolute;\n\tleft: -1px;\n}\n\n.dtphourul {\n\tmargin-left: 0px;\n\tlist-style-type: none;\n\tpadding-left: 0px;\n\tmargin-top: 0px;\n\tmargin-bottom: 1px;\n}\n\n.dtphouril {\n\tfloat: left;\n\twidth: 56px;\n\tmargin-bottom: 1px;\n\ttext-align: center;\n\tcursor: pointer;\n\tmargin-left: 1px;\n}\n\n.dtpdblp {\n\tline-height: 24px;\n\tdisplay: inline-block;\n\tvertical-align: top;\n}\n\n.dtpminutesel {\n\tmargin-right: 2px;\n\tdisplay: inline-block;\n\tcursor: pointer;\n}\n\n.dtpminutesel1 {\n\tfloat: left;\n\tline-height: 24px;\n\tmargin-left:2px;\n}\n\n.dtpminutesel2 {\n\twidth: 9px;\n\theight: 6px;\n\tmargin-left: 3px;\n\tmargin-top: 9px;\n\tfloat: right;\n}\n\n.dtpminuteselectbox {\n\tfont-weight: normal;\n\ttop: 24px;\n\tleft: -1px;\n\theight: 184px;\n\twidth: 228px;\n\tbackground-color: #fff;\n\tborder: 1px solid #b0bac4;\n\tfont-family: Tahoma;\n\tfont-size: 10px;\n\tdisplay: none;\n\tposition: absolute;\n}\n\n.dtpminuteul {\n\tmargin-left: 0px;\n\tlist-style-type: none;\n\tpadding-left: 0px;\n\tmargin-top: 0px;\n\tmargin-bottom: 1px;\n}\n\n.dtpminuteil {\n\tfloat: left;\n\ttext-align: center;\n\tmargin-bottom: 1px;\n\tcursor: pointer;\n\tmargin-left: 1px;\n}\n\n.dtptimeselarea {\n\tfont-weight: normal;\n\tleft: -1px;\n\ttop: 24px;\n\theight: 184px;\n\twidth: 228px;\n\tbackground-color: #fff;\n\tborder: 1px solid #b0bac4;\n\tfont-family: Tahoma;\n\tfont-size: 10px;\n\tdisplay: none;\n\tposition: absolute;\n}\n\n.dtptimeselarealeft {\n\theight: 100%;\n\twidth: 100px;\n\tfloat:left;\n}\n.dtptimeselarealeftarrowup {\n\twidth: 100%;\n\tbackground-repeat: no-repeat;\n\theight: 50px;\n\tcursor: pointer;\n}\n.dtptimeselarealeftnumber {\n\twidth: 100%;\n\theight: 84px;\n\tvertical-align: middle;\n\ttext-align: center;\n\tline-height: 84px;\n\tfont-size: 36pt;\n}\n\n.dtptimeselarealeftarrowdown {\n\twidth: 100%;\n\tbackground-repeat: no-repeat;\n\theight: 50px;\n\tcursor: pointer;\n}\n\n.dtptimeselareamiddle {\n\tvertical-align: middle;\n\ttext-align: center;\n\tline-height: 170px;\n\tfont-size: 42pt;\n\twidth: 28px;\n\tfloat:left;\n}\n\n.dtptimeselarearight {\n\theight: 100%;\n\twidth: 100px;\n\tfloat:left;\n}\n.dtptimeselarearightarrowup {\n\twidth: 100%;\n\tbackground-repeat: no-repeat;\n\theight: 50px;\n\tcursor: pointer;\n}\n.dtptimeselarearightnumber {\n\twidth: 100%;\n\theight: 84px;\n\tvertical-align: middle;\n\ttext-align: center;\n\tline-height: 84px;\n\tfont-size: 36pt;\n}\n.dtptimeselarearightarrowdown {\n\twidth: 100%;\n\tbackground-repeat: no-repeat;\n\theight: 50px;\n\tcursor: pointer;\n}\n\n\/***** MONTH SELECTION BOX *****\/\ndiv.dtpmonthbox {\n\theight: 184px;\n\twidth: 228px;\n\tbackground-color: #FFF;\n\tborder: 1px solid #b0bac4;\n\tfont-family: Tahoma;\n\tfont-size: 10px;\n\tcolor: #000;\n\tdisplay: none;\n\tposition: absolute;\n\tleft: -1px;\n\ttop: 24px;\n}\n\nul.dtpmonthrow {\n \tmargin-left: 0px;\n \tfloat:left;\n \tlist-style-type: none;\n \twidth:100%;\n \tpadding-left: 0px;\n \tmargin-top: 0px;\n \tmargin-bottom: 1px;\n}\n\nil.dtpmonthcell {\n\tfloat: left;\n\ttext-align: center;\n\tline-height: 45px;\n\tborder-left: 1px solid #fff;\n\tcursor: pointer;\n}\n\n\n\/***** BUTTONS *****\/\n.dtpbuttons {\n\twidth: 100%;\n\theight: 25px;\n\tborder-top: 1px solid #b0bac4;\n\ttext-align: center;\n}\n\n.dtpbuttonsul {\n\tmargin-left: 0px;\n\tlist-style-type: none;\n\tpadding-left: 0px;\n\tmargin-top: 0px;\n\tmargin-bottom: 0px;\n\theight: 25px;\n\tbackground-color: #FFF;\n}\n\n.dtpbuttonsborder {\n\tline-height: 25px;\n\tmargin-right: 1px;\n\tbackground-color: rgb(48, 52, 58);\n\ttext-align: center;\n\tfloat: left;\n\tcolor:#FFF;\n\tcursor: pointer;\n}\n\n.dtpbuttonsnoborder {\n\tline-height: 25px;\n\ttext-align: center;\n\tbackground-color: rgb(48, 52, 58);\n\tfloat: left;\n\tcolor:#FFF;\n\tcursor: pointer;\n\twidth: 75px;\n}\n\n\/***** IE-FIX *****\/\n.iefix {\n\tmin-width: 180px;\n\tfloat: left;\n\tfont-weight: bold;\n\tcolor: #fff;\n\ttext-align: center;\n}\n\n.rightiefix {\n\tposition: absolute;\n\tright: 0;\n\ttop: 0;\n}\n\n.leftiefix {\n\tposition: absolute;\n\tleft: 0;\n\ttop: 0;\n}\n.color3{\n    background-color:-mw-settings-colors-system-link_hover-!important;\n}\n\n<\/style><script type=\"text\/javascript\">function validateInputs (e){var makeValid = function(id){document.getElementById(id).className = \"element mandatory\";};var makeInvalid = function(id, msg){document.getElementById(id).className = \"element mandatory invalid\";};\n\/* BEGIN ELEMENTS *\/try{var validmail = new RegExp(\"^[a-zA-Z0-9_.\\-]+@[a-zA-Z0-9_.\\-]+\\.[a-zA-Z0-9]{2,13}$\");var value = document.getElementById(\"fa_6\").getElementsByTagName(\"input\")[0].value;if(value && !validmail.test(value)) throw \"Bitte f\u00fcllen Sie das Formular vollst\u00e4ndig aus.\";if(document.getElementById(\"fa_6\").getElementsByTagName(\"input\")[0].value.match(\/^s*$\/)) throw \"Bitte f\u00fcllen Sie das Formular vollst\u00e4ndig aus.\";makeValid(\"fa_6\");}catch(exception){makeInvalid(\"fa_6\", exception);e.preventDefault();}try{\n                    var temp = document.getElementById(\"fa_7\").getElementsByTagName(\"select\")[0];\n                    if(temp.options[temp.selectedIndex].value==\"\") throw \"Bitte f\u00fcllen Sie das Formular vollst\u00e4ndig aus.\";\n                makeValid(\"fa_7\");}catch(exception){makeInvalid(\"fa_7\", exception);e.preventDefault();}try{if(document.getElementById(\"fa_9\").getElementsByTagName(\"input\")[0].value.match(\/^s*$\/)) throw \"Bitte f\u00fcllen Sie das Formular vollst\u00e4ndig aus.\";makeValid(\"fa_9\");}catch(exception){makeInvalid(\"fa_9\", exception);e.preventDefault();}try{if(document.getElementById(\"fa_10\").getElementsByTagName(\"input\")[0].value.match(\/^s*$\/)) throw \"Bitte f\u00fcllen Sie das Formular vollst\u00e4ndig aus.\";makeValid(\"fa_10\");}catch(exception){makeInvalid(\"fa_10\", exception);e.preventDefault();}try{if(document.getElementById(\"fa_12\").getElementsByTagName(\"input\")[0].checked!=true) throw \"Bitte best\u00e4tigen!\";makeValid(\"fa_12\");}catch(exception){makeInvalid(\"fa_12\", exception);e.preventDefault();}\/* END ELEMENTS *\/\n}window.addEventListener(\"load\", function(e){document.getElementById(\"optin_form\").addEventListener(\"submit\", validateInputs);});\/* BEGIN DTP *\/\/* END DTP *\/\n<\/script><form id=\"optin_form\" action=\"https:\/\/news.sailing-classics.com\/optin\/optin\/execute\" method=\"post\" accept-charset=\"utf-8\"><div class=\"nl-form-body\"><!-- BEGIN ELEMENTS --><input name=\"account_id\" value=\"23140\" type=\"hidden\" \/><input name=\"account_code\" value=\"5G043\" type=\"hidden\" \/><input name=\"optinsetup_id\" value=\"1\" type=\"hidden\" \/><input name=\"optinsetup_code\" value=\"MZJ6q\" type=\"hidden\" \/><input id=\"fa_4\" name=\"ic\" value=\"\" type=\"hidden\" \/><script>setInterval(function(){\n                    var el=document.getElementById(\"fa_4\");\n                    if(el){\n                        if (isNaN(parseInt(el.value)) == true){\n                          el.value = 0;\n                        }\n                        else{\n                          el.value = parseInt(el.value) + 17;\n                        }\n                    }\n                }, 1000);\n            <\/script><div id=\"fa_5\" class=\"element\"><h1>Newsletter abonnieren<\/h1><\/div><div id=\"fa_6\" class=\"element mandatory\"><div class=\"validation\">Bitte f\u00fcllen Sie das Formular vollst\u00e4ndig aus.<\/div><div class=\"first\"><label>E-Mail<\/label><\/div><div class=\"second\"><input name=\"fields[1]\" type=\"text\" value=\"\" \/><\/div><\/div><div id=\"fa_7\" class=\"element mandatory\"><div class=\"validation\">Bitte f\u00fcllen Sie das Formular vollst\u00e4ndig aus.<\/div><div class=\"first\"><label>Anrede<\/label><\/div><div class=\"second\"><div><select name=\"fields[2]\"><option value=\"\"><\/option><option value=\"Frau\">Frau<\/option><option value=\"Herr\">Herr<\/option><\/select><\/div><\/div><\/div><div id=\"fa_8\" class=\"element\"><div class=\"validation\">Bitte f\u00fcllen Sie das Pflichtfeld aus.<\/div><div class=\"first\"><label>Titel<\/label><\/div><div class=\"second\"><div><select name=\"fields[7]\"><option value=\"\"><\/option><option value=\"Dr.\">Dr.<\/option><option value=\"Prof.\">Prof.<\/option><option value=\"Prof. Dr.\">Prof. Dr.<\/option><\/select><\/div><\/div><\/div><div id=\"fa_9\" class=\"element mandatory\"><div class=\"validation\">Bitte f\u00fcllen Sie das Formular vollst\u00e4ndig aus.<\/div><div class=\"first\"><label>Nachname<\/label><\/div><div class=\"second\"><input name=\"fields[4]\" type=\"text\" value=\"\" \/><\/div><\/div><div id=\"fa_10\" class=\"element mandatory\"><div class=\"validation\">Bitte f\u00fcllen Sie das Formular vollst\u00e4ndig aus.<\/div><div class=\"first\"><label>Vorname<\/label><\/div><div class=\"second\"><input name=\"fields[3]\" type=\"text\" value=\"\" \/><\/div><\/div><div id=\"fa_11\" class=\"element\"><div><\/div><\/div><div id=\"fa_12\" class=\"element mandatory\"><div class=\"validation\">Bitte best\u00e4tigen!<\/div><div class=\"first\"><\/div><div class=\"second\"><div><input name=\"fields[9]\" type=\"checkbox\"><label><\/label><\/div><\/div><\/div><div id=\"fa_13\" class=\"element\"><div class=\"formassi_element_paragraph\">* Ja, ich m&ouml;chte den Newsletter von Sailing-Classics bis auf Widerruf abonnieren<br \/>und best&auml;tigte, dass ich die&nbsp;<a href=\"http:\/\/sailing-classics.com\/datenschutz\/\" target=\"_blank\">Datenschutzbestimmungen &raquo;<\/a>&nbsp;gelesen und verstanden habe.<\/div><\/div><div id=\"fa_14\" class=\"element\"><div><\/div><\/div><div id=\"fa_15\" class=\"element\"><div class=\"validation\"><\/div><div class=\"first\"><\/div><div class=\"second\"><button type=\"submit\">Absenden \u00bb<\/button><\/div><\/div><!-- END ELEMENTS --><\/div><\/form>\t\t\t\t<\/div>\n\t\t\t\t<\/div>\n\t\t\t\t<\/div>\n\t\t\t\t<\/div>\n\t\t","protected":false},"excerpt":{"rendered":"<p>Newsletter abonnieren Bitte f\u00fcllen Sie das Formular vollst\u00e4ndig aus.E-MailBitte f\u00fcllen Sie das Formular vollst\u00e4ndig aus.AnredeFrauHerrBitte f\u00fcllen Sie das Pflichtfeld aus.TitelDr.Prof.Prof. Dr.Bitte f\u00fcllen Sie das Formular vollst\u00e4ndig aus.NachnameBitte f\u00fcllen Sie das Formular vollst\u00e4ndig aus.VornameBitte best\u00e4tigen!* Ja, ich m&ouml;chte den Newsletter von Sailing-Classics bis auf Widerruf abonnierenund best&auml;tigte, dass ich die&nbsp;Datenschutzbestimmungen &raquo;&nbsp;gelesen und verstanden habe.Absenden \u00bb<\/p>\n","protected":false},"author":1,"featured_media":0,"parent":0,"menu_order":0,"comment_status":"closed","ping_status":"closed","template":"","meta":{"inline_featured_image":false,"footnotes":""},"class_list":["post-7402","page","type-page","status-publish","hentry"],"yoast_head":"<!-- This site is optimized with the Yoast SEO Premium plugin v24.4 (Yoast SEO v27.3) - https:\/\/yoast.com\/product\/yoast-seo-premium-wordpress\/ -->\n<title>Newsletter - Sailing Classics<\/title>\n<meta name=\"description\" content=\"Sign up for the Sailing Classics Newsletter!\" \/>\n<meta name=\"robots\" content=\"index, follow, max-snippet:-1, max-image-preview:large, max-video-preview:-1\" \/>\n<link rel=\"canonical\" href=\"https:\/\/sailing-classics.com\/en\/newsletter\/\" \/>\n<meta property=\"og:locale\" content=\"en_US\" \/>\n<meta property=\"og:type\" content=\"article\" \/>\n<meta property=\"og:title\" content=\"Newsletter\" \/>\n<meta property=\"og:description\" content=\"Sign up for the Sailing Classics Newsletter!\" \/>\n<meta property=\"og:url\" content=\"https:\/\/sailing-classics.com\/en\/newsletter\/\" \/>\n<meta property=\"og:site_name\" content=\"Sailing Classics\" \/>\n<meta property=\"article:modified_time\" content=\"2024-02-28T11:45:53+00:00\" \/>\n<meta name=\"twitter:card\" content=\"summary_large_image\" \/>\n<script type=\"application\/ld+json\" class=\"yoast-schema-graph\">{\"@context\":\"https:\\\/\\\/schema.org\",\"@graph\":[{\"@type\":\"WebPage\",\"@id\":\"https:\\\/\\\/sailing-classics.com\\\/en\\\/newsletter\\\/\",\"url\":\"https:\\\/\\\/sailing-classics.com\\\/en\\\/newsletter\\\/\",\"name\":\"Newsletter - Sailing Classics\",\"isPartOf\":{\"@id\":\"https:\\\/\\\/sailing-classics.com\\\/en\\\/#website\"},\"datePublished\":\"2023-10-31T11:39:48+00:00\",\"dateModified\":\"2024-02-28T11:45:53+00:00\",\"description\":\"Sign up for the Sailing Classics Newsletter!\",\"breadcrumb\":{\"@id\":\"https:\\\/\\\/sailing-classics.com\\\/en\\\/newsletter\\\/#breadcrumb\"},\"inLanguage\":\"en-US\",\"potentialAction\":[{\"@type\":\"ReadAction\",\"target\":[\"https:\\\/\\\/sailing-classics.com\\\/en\\\/newsletter\\\/\"]}]},{\"@type\":\"BreadcrumbList\",\"@id\":\"https:\\\/\\\/sailing-classics.com\\\/en\\\/newsletter\\\/#breadcrumb\",\"itemListElement\":[{\"@type\":\"ListItem\",\"position\":1,\"name\":\"Startseite\",\"item\":\"https:\\\/\\\/sailing-classics.com\\\/en\\\/\"},{\"@type\":\"ListItem\",\"position\":2,\"name\":\"Newsletter\"}]},{\"@type\":\"WebSite\",\"@id\":\"https:\\\/\\\/sailing-classics.com\\\/en\\\/#website\",\"url\":\"https:\\\/\\\/sailing-classics.com\\\/en\\\/\",\"name\":\"Sailing Classics\",\"description\":\"More than sailing\",\"potentialAction\":[{\"@type\":\"SearchAction\",\"target\":{\"@type\":\"EntryPoint\",\"urlTemplate\":\"https:\\\/\\\/sailing-classics.com\\\/en\\\/?s={search_term_string}\"},\"query-input\":{\"@type\":\"PropertyValueSpecification\",\"valueRequired\":true,\"valueName\":\"search_term_string\"}}],\"inLanguage\":\"en-US\"}]}<\/script>\n<!-- \/ Yoast SEO Premium plugin. -->","yoast_head_json":{"title":"Newsletter - Sailing Classics","description":"Sign up for the Sailing Classics Newsletter!","robots":{"index":"index","follow":"follow","max-snippet":"max-snippet:-1","max-image-preview":"max-image-preview:large","max-video-preview":"max-video-preview:-1"},"canonical":"https:\/\/sailing-classics.com\/en\/newsletter\/","og_locale":"en_US","og_type":"article","og_title":"Newsletter","og_description":"Sign up for the Sailing Classics Newsletter!","og_url":"https:\/\/sailing-classics.com\/en\/newsletter\/","og_site_name":"Sailing Classics","article_modified_time":"2024-02-28T11:45:53+00:00","twitter_card":"summary_large_image","schema":{"@context":"https:\/\/schema.org","@graph":[{"@type":"WebPage","@id":"https:\/\/sailing-classics.com\/en\/newsletter\/","url":"https:\/\/sailing-classics.com\/en\/newsletter\/","name":"Newsletter - Sailing Classics","isPartOf":{"@id":"https:\/\/sailing-classics.com\/en\/#website"},"datePublished":"2023-10-31T11:39:48+00:00","dateModified":"2024-02-28T11:45:53+00:00","description":"Sign up for the Sailing Classics Newsletter!","breadcrumb":{"@id":"https:\/\/sailing-classics.com\/en\/newsletter\/#breadcrumb"},"inLanguage":"en-US","potentialAction":[{"@type":"ReadAction","target":["https:\/\/sailing-classics.com\/en\/newsletter\/"]}]},{"@type":"BreadcrumbList","@id":"https:\/\/sailing-classics.com\/en\/newsletter\/#breadcrumb","itemListElement":[{"@type":"ListItem","position":1,"name":"Startseite","item":"https:\/\/sailing-classics.com\/en\/"},{"@type":"ListItem","position":2,"name":"Newsletter"}]},{"@type":"WebSite","@id":"https:\/\/sailing-classics.com\/en\/#website","url":"https:\/\/sailing-classics.com\/en\/","name":"Sailing Classics","description":"More than sailing","potentialAction":[{"@type":"SearchAction","target":{"@type":"EntryPoint","urlTemplate":"https:\/\/sailing-classics.com\/en\/?s={search_term_string}"},"query-input":{"@type":"PropertyValueSpecification","valueRequired":true,"valueName":"search_term_string"}}],"inLanguage":"en-US"}]}},"_links":{"self":[{"href":"https:\/\/sailing-classics.com\/en\/wp-json\/wp\/v2\/pages\/7402","targetHints":{"allow":["GET"]}}],"collection":[{"href":"https:\/\/sailing-classics.com\/en\/wp-json\/wp\/v2\/pages"}],"about":[{"href":"https:\/\/sailing-classics.com\/en\/wp-json\/wp\/v2\/types\/page"}],"author":[{"embeddable":true,"href":"https:\/\/sailing-classics.com\/en\/wp-json\/wp\/v2\/users\/1"}],"replies":[{"embeddable":true,"href":"https:\/\/sailing-classics.com\/en\/wp-json\/wp\/v2\/comments?post=7402"}],"version-history":[{"count":0,"href":"https:\/\/sailing-classics.com\/en\/wp-json\/wp\/v2\/pages\/7402\/revisions"}],"wp:attachment":[{"href":"https:\/\/sailing-classics.com\/en\/wp-json\/wp\/v2\/media?parent=7402"}],"curies":[{"name":"wp","href":"https:\/\/api.w.org\/{rel}","templated":true}]}}